{"id":119,"date":"2020-10-18T22:57:49","date_gmt":"2020-10-18T22:57:49","guid":{"rendered":"https:\/\/optimist-tr.com\/?page_id=119"},"modified":"2020-12-04T19:43:48","modified_gmt":"2020-12-04T19:43:48","slug":"hakkimizda","status":"publish","type":"page","link":"https:\/\/optimist-tr.com\/en\/hakkimizda\/","title":{"rendered":"About Us"},"content":{"rendered":"<div data-elementor-type=\"wp-page\" data-elementor-id=\"119\" class=\"elementor elementor-119\">\n\t\t\t\t\t\t<section class=\"elementor-section elementor-top-section elementor-element elementor-element-e26899b elementor-section-boxed elementor-section-height-default elementor-section-height-default\" data-id=\"e26899b\" data-element_type=\"section\">\n\t\t\t\t\t\t<div class=\"elementor-container elementor-column-gap-default\">\n\t\t\t\t\t<div class=\"elementor-column elementor-col-100 elementor-top-column elementor-element elementor-element-51fcabb\" data-id=\"51fcabb\" data-element_type=\"column\">\n\t\t\t<div class=\"elementor-widget-wrap elementor-element-populated\">\n\t\t\t\t\t\t<div class=\"elementor-element elementor-element-1d48e35 elementor-widget elementor-widget-text-editor\" data-id=\"1d48e35\" data-element_type=\"widget\" data-widget_type=\"text-editor.default\">\n\t\t\t\t<div class=\"elementor-widget-container\">\n\t\t\t\t\t\t\t\t\t<h2 style=\"font-family: Calibri Light; font-size: 40px;\">Our Vision<\/h2>\n<p style=\"font-family: Calibri Light; font-size: 20px;\">To place the design in every detail and at every point in the whole production focus. To meet the future with quality.<\/p>\n\n<h2 style=\"font-family: Calibri Light; font-size: 40px;\">Our Mission<\/h2>\n<p style=\"font-family: Calibri Light; font-size: 20px;\">Designing and realizing quality, reliable and affordable construction projects. Being the right partner in investments of Foreign Capital in Turkey and guiding them with professional business development methods.<\/p>\t\t\t\t\t\t\t\t<\/div>\n\t\t\t\t<\/div>\n\t\t\t\t<div class=\"elementor-element elementor-element-b29455d elementor-widget-divider--view-line elementor-widget elementor-widget-divider\" data-id=\"b29455d\" data-element_type=\"widget\" data-widget_type=\"divider.default\">\n\t\t\t\t<div class=\"elementor-widget-container\">\n\t\t\t\t\t\t\t<div class=\"elementor-divider\">\n\t\t\t<span class=\"elementor-divider-separator\">\n\t\t\t\t\t\t<\/span>\n\t\t<\/div>\n\t\t\t\t\t\t<\/div>\n\t\t\t\t<\/div>\n\t\t\t\t\t<\/div>\n\t\t<\/div>\n\t\t\t\t\t<\/div>\n\t\t<\/section>\n\t\t\t\t<section class=\"elementor-section elementor-top-section elementor-element elementor-element-959b947 elementor-section-boxed elementor-section-height-default elementor-section-height-default\" data-id=\"959b947\" data-element_type=\"section\">\n\t\t\t\t\t\t<div class=\"elementor-container elementor-column-gap-default\">\n\t\t\t\t\t<div class=\"elementor-column elementor-col-100 elementor-top-column elementor-element elementor-element-9ce53d7\" data-id=\"9ce53d7\" data-element_type=\"column\">\n\t\t\t<div class=\"elementor-widget-wrap elementor-element-populated\">\n\t\t\t\t\t\t<div class=\"elementor-element elementor-element-e4bcbdd elementor-widget elementor-widget-text-editor\" data-id=\"e4bcbdd\" data-element_type=\"widget\" data-widget_type=\"text-editor.default\">\n\t\t\t\t<div class=\"elementor-widget-container\">\n\t\t\t\t\t\t\t\t\t<h2 style=\"font-family: Calibri Light; font-size: 40px;\">Our History<\/h2>\n<p style=\"font-family: Calibri Light; font-size: 20px;\"><strong>Since 2003;<\/strong><\/p>\n<p style=\"font-family: Calibri Light; font-size: 20px;\">Since 2003, Optimist LTD. has carried out architectural, industrial and technological projects in many areas that have added value until today with project-based partnerships. It focuses mainly on design and quality in its projects, both at home and abroad. In 2003-2008, more than 40 projects were carried out in Turkic republics, especially in Azerbaijan. Between 2008-2014, industrial and technological structures in the Middle East Region, especially in Northern Iraq and Syria, have completed their projects without compromising quality understanding. Establishing local partnerships with our various developing countries between the years 2015-2020 with the cooperation of foreign investors has carried out projects in Turkey.<\/p>\t\t\t\t\t\t\t\t<\/div>\n\t\t\t\t<\/div>\n\t\t\t\t\t<\/div>\n\t\t<\/div>\n\t\t\t\t\t<\/div>\n\t\t<\/section>\n\t\t\t\t<section class=\"elementor-section elementor-top-section elementor-element elementor-element-2346d3f elementor-section-boxed elementor-section-height-default elementor-section-height-default\" data-id=\"2346d3f\" data-element_type=\"section\">\n\t\t\t\t\t\t<div class=\"elementor-container elementor-column-gap-default\">\n\t\t\t\t\t<div class=\"elementor-column elementor-col-100 elementor-top-column elementor-element elementor-element-b9efb82\" data-id=\"b9efb82\" data-element_type=\"column\">\n\t\t\t<div class=\"elementor-widget-wrap elementor-element-populated\">\n\t\t\t\t\t\t<div class=\"elementor-element elementor-element-944b401 elementor-widget-divider--view-line elementor-widget elementor-widget-divider\" data-id=\"944b401\" data-element_type=\"widget\" data-widget_type=\"divider.default\">\n\t\t\t\t<div class=\"elementor-widget-container\">\n\t\t\t\t\t\t\t<div class=\"elementor-divider\">\n\t\t\t<span class=\"elementor-divider-separator\">\n\t\t\t\t\t\t<\/span>\n\t\t<\/div>\n\t\t\t\t\t\t<\/div>\n\t\t\t\t<\/div>\n\t\t\t\t\t<\/div>\n\t\t<\/div>\n\t\t\t\t\t<\/div>\n\t\t<\/section>\n\t\t\t\t<section class=\"elementor-section elementor-top-section elementor-element elementor-element-9e32310 elementor-section-boxed elementor-section-height-default elementor-section-height-default\" data-id=\"9e32310\" data-element_type=\"section\">\n\t\t\t\t\t\t<div class=\"elementor-container elementor-column-gap-default\">\n\t\t\t\t\t<div class=\"elementor-column elementor-col-100 elementor-top-column elementor-element elementor-element-b0a47d9\" data-id=\"b0a47d9\" data-element_type=\"column\">\n\t\t\t<div class=\"elementor-widget-wrap elementor-element-populated\">\n\t\t\t\t\t\t<div class=\"elementor-element elementor-element-35ae543 elementor-widget elementor-widget-text-editor\" data-id=\"35ae543\" data-element_type=\"widget\" data-widget_type=\"text-editor.default\">\n\t\t\t\t<div class=\"elementor-widget-container\">\n\t\t\t\t\t\t\t\t\t<h2 style=\"font-family: 'Calibri Light'; font-size: 40px; text-align: center;\">Management<\/h2>\t\t\t\t\t\t\t\t<\/div>\n\t\t\t\t<\/div>\n\t\t\t\t<div class=\"elementor-element elementor-element-fa384ce elementor-position-top elementor-widget elementor-widget-image-box\" data-id=\"fa384ce\" data-element_type=\"widget\" data-widget_type=\"image-box.default\">\n\t\t\t\t<div class=\"elementor-widget-container\">\n\t\t\t\t\t<div class=\"elementor-image-box-wrapper\"><figure class=\"elementor-image-box-img\"><img decoding=\"async\" width=\"150\" height=\"150\" src=\"https:\/\/optimist-tr.com\/wp-content\/uploads\/2020\/10\/Erdem-Top-150x150.jpg\" class=\"attachment-thumbnail size-thumbnail wp-image-189\" alt=\"Erdem Top\" srcset=\"https:\/\/optimist-tr.com\/wp-content\/uploads\/2020\/10\/Erdem-Top-150x150.jpg 150w, https:\/\/optimist-tr.com\/wp-content\/uploads\/2020\/10\/Erdem-Top-300x300.jpg 300w, https:\/\/optimist-tr.com\/wp-content\/uploads\/2020\/10\/Erdem-Top.jpg 500w\" sizes=\"(max-width: 150px) 100vw, 150px\" \/><\/figure><div class=\"elementor-image-box-content\"><h3 class=\"elementor-image-box-title\"><p style=\"font-family: 'Calibri Light'; font-size: 24px; text-align: center;\"><strong>Erdem TOP<\/strong><span style=\"font-family: &quot;Open Sans&quot;, Helvetica, Arial, sans-serif; font-size: 1.5rem;\"><\/span><\/p><\/h3><p class=\"elementor-image-box-description\"><p style=\"font-family: 'Calibri Light'; font-size: 22px; text-align: center;\">Executive Committee Member\/Partner<\/p><\/p><\/div><\/div>\t\t\t\t<\/div>\n\t\t\t\t<\/div>\n\t\t\t\t<div class=\"elementor-element elementor-element-1f79bec elementor-view-default elementor-widget elementor-widget-icon\" data-id=\"1f79bec\" data-element_type=\"widget\" data-widget_type=\"icon.default\">\n\t\t\t\t<div class=\"elementor-widget-container\">\n\t\t\t\t\t\t\t<div class=\"elementor-icon-wrapper\">\n\t\t\t<a class=\"elementor-icon\" href=\"https:\/\/www.linkedin.com\/in\/erdem-top-ma-mba-22501b32\/\" target=\"_blank\">\n\t\t\t<i aria-hidden=\"true\" class=\"fab fa-linkedin\"><\/i>\t\t\t<\/a>\n\t\t<\/div>\n\t\t\t\t\t\t<\/div>\n\t\t\t\t<\/div>\n\t\t\t\t<div class=\"elementor-element elementor-element-b952933 elementor-widget-divider--view-line elementor-widget elementor-widget-divider\" data-id=\"b952933\" data-element_type=\"widget\" data-widget_type=\"divider.default\">\n\t\t\t\t<div class=\"elementor-widget-container\">\n\t\t\t\t\t\t\t<div class=\"elementor-divider\">\n\t\t\t<span class=\"elementor-divider-separator\">\n\t\t\t\t\t\t<\/span>\n\t\t<\/div>\n\t\t\t\t\t\t<\/div>\n\t\t\t\t<\/div>\n\t\t\t\t\t<\/div>\n\t\t<\/div>\n\t\t\t\t\t<\/div>\n\t\t<\/section>\n\t\t\t\t<section class=\"elementor-section elementor-top-section elementor-element elementor-element-4a7cb99 elementor-section-boxed elementor-section-height-default elementor-section-height-default\" data-id=\"4a7cb99\" data-element_type=\"section\">\n\t\t\t\t\t\t<div class=\"elementor-container elementor-column-gap-default\">\n\t\t\t\t\t<div class=\"elementor-column elementor-col-100 elementor-top-column elementor-element elementor-element-e0cf3b3\" data-id=\"e0cf3b3\" data-element_type=\"column\">\n\t\t\t<div class=\"elementor-widget-wrap elementor-element-populated\">\n\t\t\t\t\t\t<div class=\"elementor-element elementor-element-4a40ddc elementor-widget elementor-widget-text-editor\" data-id=\"4a40ddc\" data-element_type=\"widget\" data-widget_type=\"text-editor.default\">\n\t\t\t\t<div class=\"elementor-widget-container\">\n\t\t\t\t\t\t\t\t\t<h2 style=\"font-family: 'Calibri Light'; font-size: 40px; text-align: center;\">Resumes<\/h2><p style=\"font-family: 'Calibri Light'; font-size: 20px; text-align: center;\"><strong>Erdem TOP<\/strong><\/p><p style=\"font-family: Calibri Light; font-size: 20px;\">Erdem Top born in Istanbul in 1973. Erdem Top has an MBA degree from the faculty of business after graduating from international relations. Erdem Top, who started his business life at Lamborghini Calore Clima, served as a Member of the Board of Directors and Deputy Chairman of the Board of Directors for more than 10 years within the World Group of Companies for 17 years. Erdem Top has three children and speaks English and German.<\/p>\t\t\t\t\t\t\t\t<\/div>\n\t\t\t\t<\/div>\n\t\t\t\t\t<\/div>\n\t\t<\/div>\n\t\t\t\t\t<\/div>\n\t\t<\/section>\n\t\t\t\t<section class=\"elementor-section elementor-top-section elementor-element elementor-element-75d218e elementor-section-boxed elementor-section-height-default elementor-section-height-default\" data-id=\"75d218e\" data-element_type=\"section\">\n\t\t\t\t\t\t<div class=\"elementor-container elementor-column-gap-default\">\n\t\t\t\t\t<div class=\"elementor-column elementor-col-100 elementor-top-column elementor-element elementor-element-ae36083\" data-id=\"ae36083\" data-element_type=\"column\">\n\t\t\t<div class=\"elementor-widget-wrap elementor-element-populated\">\n\t\t\t\t\t\t<div class=\"elementor-element elementor-element-9504584 elementor-widget-divider--view-line elementor-widget elementor-widget-divider\" data-id=\"9504584\" data-element_type=\"widget\" data-widget_type=\"divider.default\">\n\t\t\t\t<div class=\"elementor-widget-container\">\n\t\t\t\t\t\t\t<div class=\"elementor-divider\">\n\t\t\t<span class=\"elementor-divider-separator\">\n\t\t\t\t\t\t<\/span>\n\t\t<\/div>\n\t\t\t\t\t\t<\/div>\n\t\t\t\t<\/div>\n\t\t\t\t<div class=\"elementor-element elementor-element-6d48372 elementor-widget elementor-widget-spacer\" data-id=\"6d48372\" data-element_type=\"widget\" data-widget_type=\"spacer.default\">\n\t\t\t\t<div class=\"elementor-widget-container\">\n\t\t\t\t\t\t\t<div class=\"elementor-spacer\">\n\t\t\t<div class=\"elementor-spacer-inner\"><\/div>\n\t\t<\/div>\n\t\t\t\t\t\t<\/div>\n\t\t\t\t<\/div>\n\t\t\t\t\t<\/div>\n\t\t<\/div>\n\t\t\t\t\t<\/div>\n\t\t<\/section>\n\t\t\t\t<section class=\"elementor-section elementor-top-section elementor-element elementor-element-c915cda elementor-section-boxed elementor-section-height-default elementor-section-height-default\" data-id=\"c915cda\" data-element_type=\"section\">\n\t\t\t\t\t\t<div class=\"elementor-container elementor-column-gap-default\">\n\t\t\t\t\t<div class=\"elementor-column elementor-col-100 elementor-top-column elementor-element elementor-element-e72305c\" data-id=\"e72305c\" data-element_type=\"column\">\n\t\t\t<div class=\"elementor-widget-wrap elementor-element-populated\">\n\t\t\t\t\t\t<div class=\"elementor-element elementor-element-72c39eb elementor-widget elementor-widget-image\" data-id=\"72c39eb\" data-element_type=\"widget\" data-widget_type=\"image.default\">\n\t\t\t\t<div class=\"elementor-widget-container\">\n\t\t\t\t\t\t\t\t\t\t\t\t\t\t\t<img fetchpriority=\"high\" decoding=\"async\" width=\"480\" height=\"191\" src=\"https:\/\/optimist-tr.com\/wp-content\/uploads\/2020\/10\/OPT-Logo-Black.png\" class=\"attachment-large size-large wp-image-44\" alt=\"OPT Logo\" srcset=\"https:\/\/optimist-tr.com\/wp-content\/uploads\/2020\/10\/OPT-Logo-Black.png 480w, https:\/\/optimist-tr.com\/wp-content\/uploads\/2020\/10\/OPT-Logo-Black-300x119.png 300w\" sizes=\"(max-width: 480px) 100vw, 480px\" \/>\t\t\t\t\t\t\t\t\t\t\t\t\t\t\t<\/div>\n\t\t\t\t<\/div>\n\t\t\t\t\t<\/div>\n\t\t<\/div>\n\t\t\t\t\t<\/div>\n\t\t<\/section>\n\t\t\t\t<\/div>","protected":false},"excerpt":{"rendered":"<p>Vizyonumuz Tasar\u0131m\u0131 her detayda ve her noktada t\u00fcm \u00fcretim odaklar\u0131m\u0131za yerle\u015ftirmek. Gelece\u011fi kalite ile bulu\u015fturmak. Misyonumuz Kaliteli, g\u00fcvenli ve uygun maliyetli in\u015faat projelerini tasarlamak ve tamamlamak. Yabanc\u0131 Sermaye\u2019nin T\u00fcrkiye\u2019deki yat\u0131r\u0131mlar\u0131nda d\u00fcr\u00fcst bir ortak olarak do\u011fru i\u015f geli\u015ftirme y\u00f6ntemleri ile y\u00f6nlendirici olmak. Tarih\u00e7emiz 2003&#8217;ten G\u00fcn\u00fcm\u00fcze; Optimist LTD. 2003 y\u0131l\u0131ndan itibaren proje bazl\u0131 ortakl\u0131klar\u0131yla g\u00fcn\u00fcm\u00fcze kadar de\u011fer&hellip; <br \/> <a class=\"read-more\" href=\"https:\/\/optimist-tr.com\/en\/hakkimizda\/\">Read more<\/a><\/p>","protected":false},"author":1,"featured_media":0,"parent":0,"menu_order":0,"comment_status":"closed","ping_status":"closed","template":"","meta":{"_coblocks_attr":"","_coblocks_dimensions":"","_coblocks_responsive_height":"","_coblocks_accordion_ie_support":"","_joinchat":{"view":"no"},"footnotes":""},"class_list":["post-119","page","type-page","status-publish","hentry"],"yoast_head":"<!-- This site is optimized with the Yoast SEO plugin v24.9 - https:\/\/yoast.com\/wordpress\/plugins\/seo\/ -->\n<title>Hakk\u0131m\u0131zda - Optimist Mimarl\u0131k ve Yat\u0131r\u0131m Dan\u0131\u015fmanl\u0131\u011f\u0131<\/title>\n<meta name=\"description\" content=\"Hakk\u0131m\u0131zda daha fazlas\u0131 i\u00e7in. Optimist LTD. \u00e7e\u015fitli ortakl\u0131k yap\u0131lar\u0131 i\u00e7erisinde 2003 y\u0131l\u0131ndan itibaren a\u011f\u0131rl\u0131kl\u0131 olarak yurtd\u0131\u015f\u0131nda bir\u00e7ok projede rol alm\u0131\u015f ve ana y\u00fcklenicisi olmu\u015ftur.\" \/>\n<meta name=\"robots\" content=\"index, follow, max-snippet:-1, max-image-preview:large, max-video-preview:-1\" \/>\n<link rel=\"canonical\" href=\"https:\/\/optimist-tr.com\/en\/hakkimizda\/\" \/>\n<meta property=\"og:locale\" content=\"en_US\" \/>\n<meta property=\"og:type\" content=\"article\" \/>\n<meta property=\"og:title\" content=\"Hakk\u0131m\u0131zda - Optimist Mimarl\u0131k ve Yat\u0131r\u0131m Dan\u0131\u015fmanl\u0131\u011f\u0131\" \/>\n<meta property=\"og:description\" content=\"Hakk\u0131m\u0131zda daha fazlas\u0131 i\u00e7in. Optimist LTD. \u00e7e\u015fitli ortakl\u0131k yap\u0131lar\u0131 i\u00e7erisinde 2003 y\u0131l\u0131ndan itibaren a\u011f\u0131rl\u0131kl\u0131 olarak yurtd\u0131\u015f\u0131nda bir\u00e7ok projede rol alm\u0131\u015f ve ana y\u00fcklenicisi olmu\u015ftur.\" \/>\n<meta property=\"og:url\" content=\"https:\/\/optimist-tr.com\/en\/hakkimizda\/\" \/>\n<meta property=\"og:site_name\" content=\"Optimist\" \/>\n<meta property=\"article:modified_time\" content=\"2020-12-04T19:43:48+00:00\" \/>\n<meta property=\"og:image\" content=\"https:\/\/optimist-tr.com\/wp-content\/uploads\/2020\/10\/Erdem-Top-150x150.jpg\" \/>\n<meta name=\"twitter:card\" content=\"summary_large_image\" \/>\n<meta name=\"twitter:label1\" content=\"Est. reading time\" \/>\n\t<meta name=\"twitter:data1\" content=\"1 minute\" \/>\n<script type=\"application\/ld+json\" class=\"yoast-schema-graph\">{\"@context\":\"https:\/\/schema.org\",\"@graph\":[{\"@type\":\"WebPage\",\"@id\":\"https:\/\/optimist-tr.com\/en\/hakkimizda\/\",\"url\":\"https:\/\/optimist-tr.com\/en\/hakkimizda\/\",\"name\":\"Hakk\u0131m\u0131zda - Optimist Mimarl\u0131k ve Yat\u0131r\u0131m Dan\u0131\u015fmanl\u0131\u011f\u0131\",\"isPartOf\":{\"@id\":\"https:\/\/optimist-tr.com\/#website\"},\"primaryImageOfPage\":{\"@id\":\"https:\/\/optimist-tr.com\/en\/hakkimizda\/#primaryimage\"},\"image\":{\"@id\":\"https:\/\/optimist-tr.com\/en\/hakkimizda\/#primaryimage\"},\"thumbnailUrl\":\"https:\/\/optimist-tr.com\/wp-content\/uploads\/2020\/10\/Erdem-Top-150x150.jpg\",\"datePublished\":\"2020-10-18T22:57:49+00:00\",\"dateModified\":\"2020-12-04T19:43:48+00:00\",\"description\":\"Hakk\u0131m\u0131zda daha fazlas\u0131 i\u00e7in. Optimist LTD. \u00e7e\u015fitli ortakl\u0131k yap\u0131lar\u0131 i\u00e7erisinde 2003 y\u0131l\u0131ndan itibaren a\u011f\u0131rl\u0131kl\u0131 olarak yurtd\u0131\u015f\u0131nda bir\u00e7ok projede rol alm\u0131\u015f ve ana y\u00fcklenicisi olmu\u015ftur.\",\"breadcrumb\":{\"@id\":\"https:\/\/optimist-tr.com\/en\/hakkimizda\/#breadcrumb\"},\"inLanguage\":\"en-US\",\"potentialAction\":[{\"@type\":\"ReadAction\",\"target\":[\"https:\/\/optimist-tr.com\/en\/hakkimizda\/\"]}]},{\"@type\":\"ImageObject\",\"inLanguage\":\"en-US\",\"@id\":\"https:\/\/optimist-tr.com\/en\/hakkimizda\/#primaryimage\",\"url\":\"https:\/\/optimist-tr.com\/wp-content\/uploads\/2020\/10\/Erdem-Top-150x150.jpg\",\"contentUrl\":\"https:\/\/optimist-tr.com\/wp-content\/uploads\/2020\/10\/Erdem-Top-150x150.jpg\"},{\"@type\":\"BreadcrumbList\",\"@id\":\"https:\/\/optimist-tr.com\/en\/hakkimizda\/#breadcrumb\",\"itemListElement\":[{\"@type\":\"ListItem\",\"position\":1,\"name\":\"Home\",\"item\":\"https:\/\/optimist-tr.com\/\"},{\"@type\":\"ListItem\",\"position\":2,\"name\":\"Hakk\u0131m\u0131zda\"}]},{\"@type\":\"WebSite\",\"@id\":\"https:\/\/optimist-tr.com\/#website\",\"url\":\"https:\/\/optimist-tr.com\/\",\"name\":\"Optimist\",\"description\":\"\",\"publisher\":{\"@id\":\"https:\/\/optimist-tr.com\/#organization\"},\"potentialAction\":[{\"@type\":\"SearchAction\",\"target\":{\"@type\":\"EntryPoint\",\"urlTemplate\":\"https:\/\/optimist-tr.com\/?s={search_term_string}\"},\"query-input\":{\"@type\":\"PropertyValueSpecification\",\"valueRequired\":true,\"valueName\":\"search_term_string\"}}],\"inLanguage\":\"en-US\"},{\"@type\":\"Organization\",\"@id\":\"https:\/\/optimist-tr.com\/#organization\",\"name\":\"Optimist\",\"url\":\"https:\/\/optimist-tr.com\/\",\"logo\":{\"@type\":\"ImageObject\",\"inLanguage\":\"en-US\",\"@id\":\"https:\/\/optimist-tr.com\/#\/schema\/logo\/image\/\",\"url\":\"https:\/\/secureservercdn.net\/160.153.138.177\/555.c96.myftpupload.com\/wp-content\/uploads\/2020\/10\/OPT-Logo-Black.png?time=1622901790\",\"contentUrl\":\"https:\/\/secureservercdn.net\/160.153.138.177\/555.c96.myftpupload.com\/wp-content\/uploads\/2020\/10\/OPT-Logo-Black.png?time=1622901790\",\"width\":480,\"height\":191,\"caption\":\"Optimist\"},\"image\":{\"@id\":\"https:\/\/optimist-tr.com\/#\/schema\/logo\/image\/\"}}]}<\/script>\n<!-- \/ Yoast SEO plugin. -->","yoast_head_json":{"title":"Hakk\u0131m\u0131zda - Optimist Mimarl\u0131k ve Yat\u0131r\u0131m Dan\u0131\u015fmanl\u0131\u011f\u0131","description":"Hakk\u0131m\u0131zda daha fazlas\u0131 i\u00e7in. Optimist LTD. \u00e7e\u015fitli ortakl\u0131k yap\u0131lar\u0131 i\u00e7erisinde 2003 y\u0131l\u0131ndan itibaren a\u011f\u0131rl\u0131kl\u0131 olarak yurtd\u0131\u015f\u0131nda bir\u00e7ok projede rol alm\u0131\u015f ve ana y\u00fcklenicisi olmu\u015ftur.","robots":{"index":"index","follow":"follow","max-snippet":"max-snippet:-1","max-image-preview":"max-image-preview:large","max-video-preview":"max-video-preview:-1"},"canonical":"https:\/\/optimist-tr.com\/en\/hakkimizda\/","og_locale":"en_US","og_type":"article","og_title":"Hakk\u0131m\u0131zda - Optimist Mimarl\u0131k ve Yat\u0131r\u0131m Dan\u0131\u015fmanl\u0131\u011f\u0131","og_description":"Hakk\u0131m\u0131zda daha fazlas\u0131 i\u00e7in. Optimist LTD. \u00e7e\u015fitli ortakl\u0131k yap\u0131lar\u0131 i\u00e7erisinde 2003 y\u0131l\u0131ndan itibaren a\u011f\u0131rl\u0131kl\u0131 olarak yurtd\u0131\u015f\u0131nda bir\u00e7ok projede rol alm\u0131\u015f ve ana y\u00fcklenicisi olmu\u015ftur.","og_url":"https:\/\/optimist-tr.com\/en\/hakkimizda\/","og_site_name":"Optimist","article_modified_time":"2020-12-04T19:43:48+00:00","og_image":[{"url":"https:\/\/optimist-tr.com\/wp-content\/uploads\/2020\/10\/Erdem-Top-150x150.jpg","type":"","width":"","height":""}],"twitter_card":"summary_large_image","twitter_misc":{"Est. reading time":"1 minute"},"schema":{"@context":"https:\/\/schema.org","@graph":[{"@type":"WebPage","@id":"https:\/\/optimist-tr.com\/en\/hakkimizda\/","url":"https:\/\/optimist-tr.com\/en\/hakkimizda\/","name":"Hakk\u0131m\u0131zda - Optimist Mimarl\u0131k ve Yat\u0131r\u0131m Dan\u0131\u015fmanl\u0131\u011f\u0131","isPartOf":{"@id":"https:\/\/optimist-tr.com\/#website"},"primaryImageOfPage":{"@id":"https:\/\/optimist-tr.com\/en\/hakkimizda\/#primaryimage"},"image":{"@id":"https:\/\/optimist-tr.com\/en\/hakkimizda\/#primaryimage"},"thumbnailUrl":"https:\/\/optimist-tr.com\/wp-content\/uploads\/2020\/10\/Erdem-Top-150x150.jpg","datePublished":"2020-10-18T22:57:49+00:00","dateModified":"2020-12-04T19:43:48+00:00","description":"Hakk\u0131m\u0131zda daha fazlas\u0131 i\u00e7in. Optimist LTD. \u00e7e\u015fitli ortakl\u0131k yap\u0131lar\u0131 i\u00e7erisinde 2003 y\u0131l\u0131ndan itibaren a\u011f\u0131rl\u0131kl\u0131 olarak yurtd\u0131\u015f\u0131nda bir\u00e7ok projede rol alm\u0131\u015f ve ana y\u00fcklenicisi olmu\u015ftur.","breadcrumb":{"@id":"https:\/\/optimist-tr.com\/en\/hakkimizda\/#breadcrumb"},"inLanguage":"en-US","potentialAction":[{"@type":"ReadAction","target":["https:\/\/optimist-tr.com\/en\/hakkimizda\/"]}]},{"@type":"ImageObject","inLanguage":"en-US","@id":"https:\/\/optimist-tr.com\/en\/hakkimizda\/#primaryimage","url":"https:\/\/optimist-tr.com\/wp-content\/uploads\/2020\/10\/Erdem-Top-150x150.jpg","contentUrl":"https:\/\/optimist-tr.com\/wp-content\/uploads\/2020\/10\/Erdem-Top-150x150.jpg"},{"@type":"BreadcrumbList","@id":"https:\/\/optimist-tr.com\/en\/hakkimizda\/#breadcrumb","itemListElement":[{"@type":"ListItem","position":1,"name":"Home","item":"https:\/\/optimist-tr.com\/"},{"@type":"ListItem","position":2,"name":"Hakk\u0131m\u0131zda"}]},{"@type":"WebSite","@id":"https:\/\/optimist-tr.com\/#website","url":"https:\/\/optimist-tr.com\/","name":"Optimist","description":"","publisher":{"@id":"https:\/\/optimist-tr.com\/#organization"},"potentialAction":[{"@type":"SearchAction","target":{"@type":"EntryPoint","urlTemplate":"https:\/\/optimist-tr.com\/?s={search_term_string}"},"query-input":{"@type":"PropertyValueSpecification","valueRequired":true,"valueName":"search_term_string"}}],"inLanguage":"en-US"},{"@type":"Organization","@id":"https:\/\/optimist-tr.com\/#organization","name":"Optimist","url":"https:\/\/optimist-tr.com\/","logo":{"@type":"ImageObject","inLanguage":"en-US","@id":"https:\/\/optimist-tr.com\/#\/schema\/logo\/image\/","url":"https:\/\/secureservercdn.net\/160.153.138.177\/555.c96.myftpupload.com\/wp-content\/uploads\/2020\/10\/OPT-Logo-Black.png?time=1622901790","contentUrl":"https:\/\/secureservercdn.net\/160.153.138.177\/555.c96.myftpupload.com\/wp-content\/uploads\/2020\/10\/OPT-Logo-Black.png?time=1622901790","width":480,"height":191,"caption":"Optimist"},"image":{"@id":"https:\/\/optimist-tr.com\/#\/schema\/logo\/image\/"}}]}},"_links":{"self":[{"href":"https:\/\/optimist-tr.com\/en\/wp-json\/wp\/v2\/pages\/119","targetHints":{"allow":["GET"]}}],"collection":[{"href":"https:\/\/optimist-tr.com\/en\/wp-json\/wp\/v2\/pages"}],"about":[{"href":"https:\/\/optimist-tr.com\/en\/wp-json\/wp\/v2\/types\/page"}],"author":[{"embeddable":true,"href":"https:\/\/optimist-tr.com\/en\/wp-json\/wp\/v2\/users\/1"}],"replies":[{"embeddable":true,"href":"https:\/\/optimist-tr.com\/en\/wp-json\/wp\/v2\/comments?post=119"}],"version-history":[{"count":31,"href":"https:\/\/optimist-tr.com\/en\/wp-json\/wp\/v2\/pages\/119\/revisions"}],"predecessor-version":[{"id":1822,"href":"https:\/\/optimist-tr.com\/en\/wp-json\/wp\/v2\/pages\/119\/revisions\/1822"}],"wp:attachment":[{"href":"https:\/\/optimist-tr.com\/en\/wp-json\/wp\/v2\/media?parent=119"}],"curies":[{"name":"wp","href":"https:\/\/api.w.org\/{rel}","templated":true}]}}