{"id":1510,"date":"2020-12-04T12:49:40","date_gmt":"2020-12-04T12:49:40","guid":{"rendered":"https:\/\/optimist-tr.com\/?page_id=1510"},"modified":"2020-12-04T18:57:42","modified_gmt":"2020-12-04T18:57:42","slug":"agaoglu-1453-camii","status":"publish","type":"page","link":"https:\/\/optimist-tr.com\/en\/agaoglu-1453-camii\/","title":{"rendered":"Agaoglu 1453 Mosque"},"content":{"rendered":"<div data-elementor-type=\"wp-page\" data-elementor-id=\"1510\" class=\"elementor elementor-1510\">\n\t\t\t\t\t\t<section class=\"elementor-section elementor-top-section elementor-element elementor-element-9849d8f elementor-section-boxed elementor-section-height-default elementor-section-height-default\" data-id=\"9849d8f\" data-element_type=\"section\">\n\t\t\t\t\t\t<div class=\"elementor-container elementor-column-gap-default\">\n\t\t\t\t\t<div class=\"elementor-column elementor-col-100 elementor-top-column elementor-element elementor-element-ad6d92a\" data-id=\"ad6d92a\" data-element_type=\"column\">\n\t\t\t<div class=\"elementor-widget-wrap elementor-element-populated\">\n\t\t\t\t\t\t<div class=\"elementor-element elementor-element-a382072 elementor-widget elementor-widget-shortcode\" data-id=\"a382072\" data-element_type=\"widget\" data-widget_type=\"shortcode.default\">\n\t\t\t\t<div class=\"elementor-widget-container\">\n\t\t\t\t\t\t\t<div class=\"elementor-shortcode\"><div class=\"gmedia_gallery amron_module is_bot\" id=\"GmediaGallery_1\" data-gmid=\"1\" data-module=\"amron\"><script type=\"text\/javascript\">\n\t(function() {\n\t\tthis['GmediaGallery_1'] = {\n\t\t\t'settings':{\"collectionThumbRecomendedWidth\":\"260\",\"collectionPreloaderColor\":\"333333\",\"linkTargetWindow\":\"_blank\",\"thumbSpacing\":\"10\",\"tagsFilter\":\"1\",\"tagCloudAll\":\"All\",\"tagCloudTextColor\":\"rgba(0, 0, 0, 1)\",\"tagCloudTextColorOver\":\"rgba(255,255, 255, 1)\",\"tagCloudBgColor\":\"rgba(211, 211, 211, 1)\",\"tagCloudBgColorOver\":\"rgba(11, 11, 11, 1)\",\"collectionThumbHoverColor\":\"rgba(0, 0, 0, .7)\",\"collectionThumbContentBGColor\":\"rgba(245,245,245,1)\",\"collectionThumbTitleShow\":\"1\",\"collectionThumbTitleColor\":\"rgba(0,0,0,1)\",\"collectionThumbFontSize\":\"18\",\"collectionThumbDescriptionShow\":\"1\",\"collectionThumbDescriptionColor\":\"rgba(0,0,0,1)\",\"collectionThumbDescriptionFontSize\":\"15\",\"collectionReadMoreButtonLabel\":\"Read More\",\"collectionReadMoreButtonLabelColor\":\"rgba(255, 255, 255, 1)\",\"collectionReadMoreButtonBGColor\":\"rgba(0, 0, 0, 1)\",\"collectionReadMoreButtonLabelColorHover\":\"rgba(0, 0, 0, 1)\",\"collectionReadMoreButtonBGColorHover\":\"rgba(235,235,235,1)\",\"modaBgColor\":\"rgba(0,0,0,0.9)\",\"modalInfoBoxBgColor\":\"rgba(255,255,255,1)\",\"modalInfoBoxTitleTextColor\":\"000000\",\"modalInfoBoxTextColor\":\"333333\",\"infoBarCountersEnable\":\"1\",\"infoBarDateInfoEnable\":\"1\",\"lightBoxEnable\":\"1\",\"sliderPreloaderColor\":\"ffffff\",\"sliderBgColor\":\"rgba(0,0,0,0.8)\",\"sliderHeaderFooterBgColor\":\"000000\",\"sliderNavigationColor\":\"rgba(0,0,0,1)\",\"sliderNavigationIconColor\":\"rgba(255,255,255,1)\",\"sliderNavigationColorOver\":\"rgba(255,255,255,1)\",\"sliderNavigationIconColorOver\":\"rgba(0,0,0,1)\",\"sliderItemTitleFontSize\":\"24\",\"sliderItemTitleTextColor\":\"ffffff\",\"sliderThumbBarEnable\":\"0\",\"sliderThumbBarHoverColor\":\"ffffff\",\"sliderThumbSubMenuBackgroundColor\":\"rgba(0,0,0,1)\",\"sliderThumbSubMenuBackgroundColorOver\":\"rgba(255,255,255,1)\",\"sliderThumbSubMenuIconColor\":\"rgba(255,255,255,1)\",\"sliderThumbSubMenuIconHoverColor\":\"rgba(0,0,0,1)\",\"sliderInfoEnable\":\"1\",\"sliderItemDownload\":\"1\",\"sliderItemDiscuss\":\"1\",\"sliderSocialShareEnabled\":\"1\",\"sliderLikesEnabled\":\"1\",\"customCSS\":\"\",\"module_url\":\"https:\\\/\\\/optimist-tr.com\\\/wp-content\\\/plugins\\\/grand-media\\\/module\\\/amron\",\"license\":\"\",\"post_url\":\"https:\\\/\\\/optimist-tr.com\\\/en\\\/wp-json\\\/wp\\\/v2\\\/pages\\\/1510\"},\n\t\t\t'appQuery':{\"orderby\":\"gmedia__in\",\"order\":\"ASC\",\"gmedia__in\":\"6,5,4,3,2,1\",\"status\":[\"publish\"],\"limit\":100},\n\t\t\t'appApi':\"https:\\\/\\\/optimist-tr.com\\\/en\\\/?gmedia-app=1&gmappversion=4&gmmodule=1\",\n\t\t\t'appInfo':{\"name\":\"A\\u011fao\\u011flu 1453 Camii\",\"description\":\"\"}};\n\t})();\n<\/script>\n<\/div><\/div>\n\t\t\t\t\t\t<\/div>\n\t\t\t\t<\/div>\n\t\t\t\t<div class=\"elementor-element elementor-element-a961b0c elementor-widget elementor-widget-text-editor\" data-id=\"a961b0c\" data-element_type=\"widget\" data-widget_type=\"text-editor.default\">\n\t\t\t\t<div class=\"elementor-widget-container\">\n\t\t\t\t\t\t\t\t\t<p><strong>Proje Ad\u0131: <\/strong>Agaoglu 1453 Mosque<br \/><strong>Proje Tipi: <\/strong>Dini Yap\u0131lar<br \/><strong>Kontrat Tipi: <\/strong>Tasar\u0131m ve Yap\u0131m \u0130\u015fleri<br \/><strong>Proje\/Yap\u0131m Y\u0131l\u0131: <\/strong>2016-2017<br \/><strong>Lokasyon: <\/strong>Maslak, \u0130stanbul<\/p><p><strong>A\u00e7\u0131klama: <\/strong>Maslak 1453 projesi i\u00e7erisinde ayr\u0131lan dini tesis kompeksi modern bir yakla\u015f\u0131mla tasarlanm\u0131\u015ft\u0131r. Tasar\u0131m ana \u00f6\u011felerini geleneksel camii mimarisinden esinlenerek avlu d\u00fczeni ve revak d\u00fczeni b\u00fct\u00fcnselle\u015ftirilerek g\u00f6\u011fe do\u011fru y\u00fckselen minaresi ile yeni bir simge olu\u015fturulmaya \u00e7al\u0131\u015f\u0131lm\u0131\u015ft\u0131r. \u0130\u00e7 ve d\u0131\u015f mekankar transparan \u00e7\u00f6z\u00fcmlerle ayr\u0131\u015ft\u0131r\u0131lmadan ahiret ve d\u00fcnya hayat\u0131 ile olan ba\u011f\u0131 sembolize etmi\u015ftir. Dini tesis i\u00e7erisinde ana namazgah 1200 metrekare, yard\u0131mc\u0131 binalar 400 metrekare ve arazi kullan\u0131m\u0131 olarak 5600 metrekare projesi ve yap\u0131m\u0131 ile ba\u015far\u0131yla teslim edilmi\u015ftir.<\/p>\t\t\t\t\t\t\t\t<\/div>\n\t\t\t\t<\/div>\n\t\t\t\t\t<\/div>\n\t\t<\/div>\n\t\t\t\t\t<\/div>\n\t\t<\/section>\n\t\t\t\t<section class=\"elementor-section elementor-top-section elementor-element elementor-element-27f619d elementor-section-boxed elementor-section-height-default elementor-section-height-default\" data-id=\"27f619d\" data-element_type=\"section\">\n\t\t\t\t\t\t<div class=\"elementor-container elementor-column-gap-default\">\n\t\t\t\t\t<div class=\"elementor-column elementor-col-100 elementor-top-column elementor-element elementor-element-9c9fa9a\" data-id=\"9c9fa9a\" data-element_type=\"column\">\n\t\t\t<div class=\"elementor-widget-wrap elementor-element-populated\">\n\t\t\t\t\t\t<div class=\"elementor-element elementor-element-92499e5 elementor-widget-divider--view-line elementor-widget elementor-widget-divider\" data-id=\"92499e5\" data-element_type=\"widget\" data-widget_type=\"divider.default\">\n\t\t\t\t<div class=\"elementor-widget-container\">\n\t\t\t\t\t\t\t<div class=\"elementor-divider\">\n\t\t\t<span class=\"elementor-divider-separator\">\n\t\t\t\t\t\t<\/span>\n\t\t<\/div>\n\t\t\t\t\t\t<\/div>\n\t\t\t\t<\/div>\n\t\t\t\t\t<\/div>\n\t\t<\/div>\n\t\t\t\t\t<\/div>\n\t\t<\/section>\n\t\t\t\t<\/div>","protected":false},"excerpt":{"rendered":"<p>Proje Ad\u0131: A\u011fao\u011flu 1453 Camii Proje Tipi: Dini Yap\u0131lar Kontrat Tipi: Tasar\u0131m ve Yap\u0131m \u0130\u015fleri Proje\/Yap\u0131m Y\u0131l\u0131: 2016-2017 Lokasyon: Maslak, \u0130stanbul A\u00e7\u0131klama: Maslak 1453 projesi i\u00e7erisinde ayr\u0131lan dini tesis kompeksi modern bir yakla\u015f\u0131mla tasarlanm\u0131\u015ft\u0131r. Tasar\u0131m ana \u00f6\u011felerini geleneksel camii mimarisinden esinlenerek avlu d\u00fczeni ve revak d\u00fczeni b\u00fct\u00fcnselle\u015ftirilerek g\u00f6\u011fe do\u011fru y\u00fckselen minaresi ile yeni bir simge&hellip; <br \/> <a class=\"read-more\" href=\"https:\/\/optimist-tr.com\/en\/agaoglu-1453-camii\/\">Read more<\/a><\/p>","protected":false},"author":1,"featured_media":0,"parent":0,"menu_order":0,"comment_status":"closed","ping_status":"closed","template":"","meta":{"_coblocks_attr":"","_coblocks_dimensions":"","_coblocks_responsive_height":"","_coblocks_accordion_ie_support":"","_joinchat":{"view":"no"},"footnotes":""},"class_list":["post-1510","page","type-page","status-publish","hentry"],"yoast_head":"<!-- This site is optimized with the Yoast SEO plugin v24.9 - https:\/\/yoast.com\/wordpress\/plugins\/seo\/ -->\n<title>A\u011fao\u011flu 1453 Camii - Optimist<\/title>\n<meta name=\"robots\" content=\"index, follow, max-snippet:-1, max-image-preview:large, max-video-preview:-1\" \/>\n<link rel=\"canonical\" href=\"https:\/\/optimist-tr.com\/en\/agaoglu-1453-camii\/\" \/>\n<meta property=\"og:locale\" content=\"en_US\" \/>\n<meta property=\"og:type\" content=\"article\" \/>\n<meta property=\"og:title\" content=\"A\u011fao\u011flu 1453 Camii - Optimist\" \/>\n<meta property=\"og:description\" content=\"Proje Ad\u0131: A\u011fao\u011flu 1453 Camii Proje Tipi: Dini Yap\u0131lar Kontrat Tipi: Tasar\u0131m ve Yap\u0131m \u0130\u015fleri Proje\/Yap\u0131m Y\u0131l\u0131: 2016-2017 Lokasyon: Maslak, \u0130stanbul A\u00e7\u0131klama: Maslak 1453 projesi i\u00e7erisinde ayr\u0131lan dini tesis kompeksi modern bir yakla\u015f\u0131mla tasarlanm\u0131\u015ft\u0131r. Tasar\u0131m ana \u00f6\u011felerini geleneksel camii mimarisinden esinlenerek avlu d\u00fczeni ve revak d\u00fczeni b\u00fct\u00fcnselle\u015ftirilerek g\u00f6\u011fe do\u011fru y\u00fckselen minaresi ile yeni bir simge&hellip; Read more\" \/>\n<meta property=\"og:url\" content=\"https:\/\/optimist-tr.com\/en\/agaoglu-1453-camii\/\" \/>\n<meta property=\"og:site_name\" content=\"Optimist\" \/>\n<meta property=\"article:modified_time\" content=\"2020-12-04T18:57:42+00:00\" \/>\n<meta name=\"twitter:card\" content=\"summary_large_image\" \/>\n<meta name=\"twitter:label1\" content=\"Est. reading time\" \/>\n\t<meta name=\"twitter:data1\" content=\"1 minute\" \/>\n<script type=\"application\/ld+json\" class=\"yoast-schema-graph\">{\"@context\":\"https:\/\/schema.org\",\"@graph\":[{\"@type\":\"WebPage\",\"@id\":\"https:\/\/optimist-tr.com\/agaoglu-1453-camii\/\",\"url\":\"https:\/\/optimist-tr.com\/agaoglu-1453-camii\/\",\"name\":\"A\u011fao\u011flu 1453 Camii - Optimist\",\"isPartOf\":{\"@id\":\"https:\/\/optimist-tr.com\/#website\"},\"datePublished\":\"2020-12-04T12:49:40+00:00\",\"dateModified\":\"2020-12-04T18:57:42+00:00\",\"breadcrumb\":{\"@id\":\"https:\/\/optimist-tr.com\/agaoglu-1453-camii\/#breadcrumb\"},\"inLanguage\":\"en-US\",\"potentialAction\":[{\"@type\":\"ReadAction\",\"target\":[\"https:\/\/optimist-tr.com\/agaoglu-1453-camii\/\"]}]},{\"@type\":\"BreadcrumbList\",\"@id\":\"https:\/\/optimist-tr.com\/agaoglu-1453-camii\/#breadcrumb\",\"itemListElement\":[{\"@type\":\"ListItem\",\"position\":1,\"name\":\"Home\",\"item\":\"https:\/\/optimist-tr.com\/\"},{\"@type\":\"ListItem\",\"position\":2,\"name\":\"A\u011fao\u011flu 1453 Camii\"}]},{\"@type\":\"WebSite\",\"@id\":\"https:\/\/optimist-tr.com\/#website\",\"url\":\"https:\/\/optimist-tr.com\/\",\"name\":\"Optimist\",\"description\":\"\",\"publisher\":{\"@id\":\"https:\/\/optimist-tr.com\/#organization\"},\"potentialAction\":[{\"@type\":\"SearchAction\",\"target\":{\"@type\":\"EntryPoint\",\"urlTemplate\":\"https:\/\/optimist-tr.com\/?s={search_term_string}\"},\"query-input\":{\"@type\":\"PropertyValueSpecification\",\"valueRequired\":true,\"valueName\":\"search_term_string\"}}],\"inLanguage\":\"en-US\"},{\"@type\":\"Organization\",\"@id\":\"https:\/\/optimist-tr.com\/#organization\",\"name\":\"Optimist\",\"url\":\"https:\/\/optimist-tr.com\/\",\"logo\":{\"@type\":\"ImageObject\",\"inLanguage\":\"en-US\",\"@id\":\"https:\/\/optimist-tr.com\/#\/schema\/logo\/image\/\",\"url\":\"https:\/\/secureservercdn.net\/160.153.138.177\/555.c96.myftpupload.com\/wp-content\/uploads\/2020\/10\/OPT-Logo-Black.png?time=1622901790\",\"contentUrl\":\"https:\/\/secureservercdn.net\/160.153.138.177\/555.c96.myftpupload.com\/wp-content\/uploads\/2020\/10\/OPT-Logo-Black.png?time=1622901790\",\"width\":480,\"height\":191,\"caption\":\"Optimist\"},\"image\":{\"@id\":\"https:\/\/optimist-tr.com\/#\/schema\/logo\/image\/\"}}]}<\/script>\n<!-- \/ Yoast SEO plugin. -->","yoast_head_json":{"title":"A\u011fao\u011flu 1453 Camii - Optimist","robots":{"index":"index","follow":"follow","max-snippet":"max-snippet:-1","max-image-preview":"max-image-preview:large","max-video-preview":"max-video-preview:-1"},"canonical":"https:\/\/optimist-tr.com\/en\/agaoglu-1453-camii\/","og_locale":"en_US","og_type":"article","og_title":"A\u011fao\u011flu 1453 Camii - Optimist","og_description":"Proje Ad\u0131: A\u011fao\u011flu 1453 Camii Proje Tipi: Dini Yap\u0131lar Kontrat Tipi: Tasar\u0131m ve Yap\u0131m \u0130\u015fleri Proje\/Yap\u0131m Y\u0131l\u0131: 2016-2017 Lokasyon: Maslak, \u0130stanbul A\u00e7\u0131klama: Maslak 1453 projesi i\u00e7erisinde ayr\u0131lan dini tesis kompeksi modern bir yakla\u015f\u0131mla tasarlanm\u0131\u015ft\u0131r. Tasar\u0131m ana \u00f6\u011felerini geleneksel camii mimarisinden esinlenerek avlu d\u00fczeni ve revak d\u00fczeni b\u00fct\u00fcnselle\u015ftirilerek g\u00f6\u011fe do\u011fru y\u00fckselen minaresi ile yeni bir simge&hellip; Read more","og_url":"https:\/\/optimist-tr.com\/en\/agaoglu-1453-camii\/","og_site_name":"Optimist","article_modified_time":"2020-12-04T18:57:42+00:00","twitter_card":"summary_large_image","twitter_misc":{"Est. reading time":"1 minute"},"schema":{"@context":"https:\/\/schema.org","@graph":[{"@type":"WebPage","@id":"https:\/\/optimist-tr.com\/agaoglu-1453-camii\/","url":"https:\/\/optimist-tr.com\/agaoglu-1453-camii\/","name":"A\u011fao\u011flu 1453 Camii - Optimist","isPartOf":{"@id":"https:\/\/optimist-tr.com\/#website"},"datePublished":"2020-12-04T12:49:40+00:00","dateModified":"2020-12-04T18:57:42+00:00","breadcrumb":{"@id":"https:\/\/optimist-tr.com\/agaoglu-1453-camii\/#breadcrumb"},"inLanguage":"en-US","potentialAction":[{"@type":"ReadAction","target":["https:\/\/optimist-tr.com\/agaoglu-1453-camii\/"]}]},{"@type":"BreadcrumbList","@id":"https:\/\/optimist-tr.com\/agaoglu-1453-camii\/#breadcrumb","itemListElement":[{"@type":"ListItem","position":1,"name":"Home","item":"https:\/\/optimist-tr.com\/"},{"@type":"ListItem","position":2,"name":"A\u011fao\u011flu 1453 Camii"}]},{"@type":"WebSite","@id":"https:\/\/optimist-tr.com\/#website","url":"https:\/\/optimist-tr.com\/","name":"Optimist","description":"","publisher":{"@id":"https:\/\/optimist-tr.com\/#organization"},"potentialAction":[{"@type":"SearchAction","target":{"@type":"EntryPoint","urlTemplate":"https:\/\/optimist-tr.com\/?s={search_term_string}"},"query-input":{"@type":"PropertyValueSpecification","valueRequired":true,"valueName":"search_term_string"}}],"inLanguage":"en-US"},{"@type":"Organization","@id":"https:\/\/optimist-tr.com\/#organization","name":"Optimist","url":"https:\/\/optimist-tr.com\/","logo":{"@type":"ImageObject","inLanguage":"en-US","@id":"https:\/\/optimist-tr.com\/#\/schema\/logo\/image\/","url":"https:\/\/secureservercdn.net\/160.153.138.177\/555.c96.myftpupload.com\/wp-content\/uploads\/2020\/10\/OPT-Logo-Black.png?time=1622901790","contentUrl":"https:\/\/secureservercdn.net\/160.153.138.177\/555.c96.myftpupload.com\/wp-content\/uploads\/2020\/10\/OPT-Logo-Black.png?time=1622901790","width":480,"height":191,"caption":"Optimist"},"image":{"@id":"https:\/\/optimist-tr.com\/#\/schema\/logo\/image\/"}}]}},"_links":{"self":[{"href":"https:\/\/optimist-tr.com\/en\/wp-json\/wp\/v2\/pages\/1510","targetHints":{"allow":["GET"]}}],"collection":[{"href":"https:\/\/optimist-tr.com\/en\/wp-json\/wp\/v2\/pages"}],"about":[{"href":"https:\/\/optimist-tr.com\/en\/wp-json\/wp\/v2\/types\/page"}],"author":[{"embeddable":true,"href":"https:\/\/optimist-tr.com\/en\/wp-json\/wp\/v2\/users\/1"}],"replies":[{"embeddable":true,"href":"https:\/\/optimist-tr.com\/en\/wp-json\/wp\/v2\/comments?post=1510"}],"version-history":[{"count":14,"href":"https:\/\/optimist-tr.com\/en\/wp-json\/wp\/v2\/pages\/1510\/revisions"}],"predecessor-version":[{"id":1804,"href":"https:\/\/optimist-tr.com\/en\/wp-json\/wp\/v2\/pages\/1510\/revisions\/1804"}],"wp:attachment":[{"href":"https:\/\/optimist-tr.com\/en\/wp-json\/wp\/v2\/media?parent=1510"}],"curies":[{"name":"wp","href":"https:\/\/api.w.org\/{rel}","templated":true}]}}